{"id":186,"date":"2023-02-01T13:54:44","date_gmt":"2023-02-01T13:54:44","guid":{"rendered":"https:\/\/www.ih-personalentwicklung.at\/?page_id=186"},"modified":"2023-02-01T13:54:44","modified_gmt":"2023-02-01T13:54:44","slug":"datenschutz","status":"publish","type":"page","link":"https:\/\/www.ih-personalentwicklung.at\/index.php\/datenschutz\/","title":{"rendered":"Datenschutz"},"content":{"rendered":"<p>[vc_row][vc_column][vc_column_text]<\/p>\n<h2>Datenschutzgrundverordnung (DSGVO)<\/h2>\n<h3>Information zur Datenverarbeitung nach Art. 13 und 14<\/h3>\n<p>Wir informieren Sie hiermit \u00fcber die Verarbeitung Ihrer personenbezogenen Daten und die Ihnen zustehenden datenschutzrechtlichen Anspr\u00fcche und Rechte. Der Inhalt und Umfang der Datenverarbeitung richtet sich ma\u00dfgeblich nach den jeweils von Ihnen beantragten bzw. mit Ihnen vereinbarten Produkten und Dienstleistungen. Verantwortlich f\u00fcr die Datenverarbeitung ist:<\/p>\n<p>Iris Hinterecker<br \/>\nFischabachgasse 73\/2,<br \/>\n2700 Wr. Neustadt<br \/>\nTel.: +43 \u202d650 7711179\u202c<\/p>\n<h3>Art und Quellen der Daten<\/h3>\n<p>Wir verarbeiten die personenbezogenen Daten, die wir im Rahmen der Gesch\u00e4ftsbeziehung von Ihnen erhalten. Zudem verarbeiten wir Daten, die wir aus \u00f6ffentlich zug\u00e4nglichen Quellen (z.B. Firmenbuch, Vereinsregister, Grundbuch, Medien) zul\u00e4ssigerweise erhalten haben.<br \/>\nZu den personenbezogenen Daten z\u00e4hlen Ihre Personalien (Namens-, Adress- und sonstige Kontaktdaten). Dar\u00fcber hinaus k\u00f6nnen darunter auch sein: Dokumentationsdaten (z.B. Beratungsprotokolle), Daten, die wir von Ihnen zur Erf\u00fcllung unserer vertraglichen Verpflichtung erhalten haben (z.B. Listen von Personen mit deren organisatorischen Zugeh\u00f6rigkeit etc.), sowie Verarbeitungsergebnisse, die wir selbst generieren.<br \/>\nZweck und Rechtsgrundlage der Datenverarbeitung<br \/>\nWir verarbeiten Ihre personenbezogenen Daten im Einklang mit den datenschutzrechtlichen Vorschriften. Dies erfolgt<br \/>\nim Rahmen Ihrer Einwilligung (Art 6 Abs. 1a DSGVO):<br \/>\nWenn Sie uns eine Einwilligung zur Verarbeitung Ihrer personenbezogenen Daten erteilt haben, erfolgt eine Verarbeitung nur gem\u00e4\u00df den in der Zustimmungserkl\u00e4rung festgelegten Zwecken und im darin vereinbarten Umfang. Eine erteilte Einwilligung kann jederzeit mit Wirkung f\u00fcr die Zukunft widerrufen werden (z.B. k\u00f6nnen Sie der Verarbeitung Ihrer personenbezogenen Daten f\u00fcr Informationszwecke (z.B. Newsletter) widersprechen, wenn Sie mit einer Verarbeitung k\u00fcnftig nicht mehr einverstanden sind).<br \/>\nzur Erf\u00fcllung von vertraglichen Pflichten (Art. 6 Abs. 1b DSGVO):<br \/>\nDie Verarbeitung personenbezogener Daten (Art 4 Nr. 2 DSVO) erfolgt zur Erbringung von Dienstleistungen im Rahmen von Diagnose,- Analyse bzw. Beratungsprozessen und -projekten und den damit verbundenen T\u00e4tigkeiten.<br \/>\nDie Zwecke der Datenverarbeitung richten sich in erster Linie nach den konkreten Produkten bzw. Dienstleistungen (z.B. Mitarbeiterbefragungen, Kunden, F\u00fchrungskr\u00e4fte-Feedbacks, etc.)<\/p>\n<h3>Weitergabe von Daten<\/h3>\n<p>Innerhalb von WolffloW sind diese Daten ausschlie\u00dflich f\u00fcr Josef Hinterecker zug\u00e4nglich. Dar\u00fcber hinaus erhalten von ihm beauftragte Auftragsverarbeiter (insbesondere IT- sowie Backoffice-Dienstleister (Steuerberater)) Ihre Daten, sofern diese die Daten zur Erf\u00fcllung ihrer jeweiligen Leistung ben\u00f6tigen. S\u00e4mtliche Auftragsverarbeiter sind vertraglich entsprechend dazu verpflichtet, Ihre Daten vertraulich zu behandeln und nur im Rahmen der Leistungserbringung zu verarbeiten.<br \/>\nIm Hinblick auf eine Datenweitergabe an sonstige Dritte m\u00f6chten wir darauf hinweisen, dass sich WolffloW (explizit Josef Hinterecker) als professioneller Trainer- und Coach zur Vertraulichkeit und Geheimhaltung aller Informationen, das Kunden-Unternehmen und deren Mitarbeiterinnen und Mitarbeiter betreffend verpflichtet f\u00fchlt.<br \/>\nAls allgemeine Gesch\u00e4ftsbedingungen gelten die Richtlinien f\u00fcr Lebens- und Sozialberater der Wirtschaftskammer \u00d6sterreich.<\/p>\n<h3>Dauer der Datenspeicherung<\/h3>\n<p>WolffloW verarbeitet Ihre personenbezogenen Daten, soweit erforderlich, f\u00fcr die Dauer der gesamten Gesch\u00e4ftsbeziehung (von der Anbahnung, Abwicklung bis zur Beendigung eines Projektes, Beratungsprozesses, etc.). Diese Daten werden, solange die gesch\u00e4ftliche Beziehung aufrecht bleibt \u2013 aufbewahrt und nur auf expliziten Wunsch einer betroffenen Person gel\u00f6scht. Gegebenenfalls ist aber das Interesse des Vertragspartners (z.B. einen Vergleich aktueller Daten mit Vergangenheitsdaten anzustellen) h\u00f6her einzustufen, als das Recht des Einzelnen auf L\u00f6schung seiner personenbezogenen Daten.<br \/>\nZudem sind bei der Speicherdauer die gesetzlichen Verj\u00e4hrungsfristen, die z.B. nach dem Allgemeinen B\u00fcrgerlichen Gesetzbuch (ABGB) in bestimmten F\u00e4llen bis zu 30 Jahre (die allgemeine Verj\u00e4hrungsfrist betr\u00e4gt 3 Jahre) betragen k\u00f6nnen, zu ber\u00fccksichtigen.<\/p>\n<h3>Ihre Datenschutzrechte<\/h3>\n<p>Sie haben jederzeit ein Recht auf Auskunft, Berichtigung, L\u00f6schung oder Einschr\u00e4nkung der Verarbeitung Ihrer gespeicherten Daten, ein Widerspruchsrecht gegen die Verarbeitung sowie ein Recht auf Daten\u00fcbertragbarkeit gem\u00e4\u00df den Voraussetzungen des Datenschutzrechts. Beschwerden k\u00f6nnen Sie an die \u00d6sterreichische Datenschutzbeh\u00f6rde richten (www.dsb.gv.at).<\/p>\n<h3>Web-Analyse &#8211; Cookies<\/h3>\n<p>Unsere Website verwendet sogenannte Cookies. Dabei handelt es sich um kleine Textdateien, die mit Hilfe des Browsers auf Ihrem Endger\u00e4t abgelegt werden. Sie richten keinen Schaden an. Wir nutzen Cookies dazu, unser Angebot nutzerfreundlich zu gestalten. Einige Cookies bleiben auf Ihrem Endger\u00e4t gespeichert, bis Sie diese l\u00f6schen. Sie erm\u00f6glichen es uns, Ihren Browser beim n\u00e4chsten Besuch wiederzuerkennen.<br \/>\nWenn Sie dies nicht w\u00fcnschen, so k\u00f6nnen Sie Ihren Browser so einrichten, dass er Sie \u00fcber das Setzen von Cookies informiert und Sie dies nur im Einzelfall erlauben. Bei der Deaktivierung von Cookies kann die Funktionalit\u00e4t unserer Website eingeschr\u00e4nkt sein.<\/p>\n<h3>Google Analytics<\/h3>\n<p>Unsere Website nutzt Funktionen des Webanalysedienstes Google Analytics, der von Google LLC, 1600 Amphitheatre Parkway Mountain View, CA 94043, USA (\u201cGoogle\u201d) angeboten wird. Google Analytics verwendet Cookies um uns dabei zu helfen, zu analysieren, wie Sie diese Website verwenden.<\/p>\n<p>Die durch solch ein Cookie erzeugten Informationen \u00fcber Ihre Nutzung dieser Website (einschlie\u00dflich Ihrer IP-Adresse und die URLs der aufgerufenen Webseiten sowie der Attribute der Webseite) werden an Server von Google in den USA \u00fcbertragen und dort gespeichert.<\/p>\n<p>Die dabei gewonnenen Daten werden genutzt, um unsere Website sowie Werbema\u00dfnahmen zu optimieren.<\/p>\n<h3>Verpflichtung zur Bereitstellung von Daten<\/h3>\n<p>Im Rahmen der Gesch\u00e4ftsbeziehung m\u00fcssen Sie diejenigen personenbezogenen Daten bereitstellen, die f\u00fcr die Aufnahme und Durchf\u00fchrung der Gesch\u00e4ftsbeziehung erforderlich sind. Wenn Sie uns diese Daten nicht zur Verf\u00fcgung stellen, werden wir den Abschluss des Vertrags oder die Ausf\u00fchrungen des Auftrags in der Regel ablehnen m\u00fcssen oder einen bestehenden Vertrag nicht mehr durchf\u00fchren k\u00f6nnen und folglich beenden m\u00fcssen.<br \/>\nSie sind jedoch nicht verpflichtet, hinsichtlich jener Daten, die f\u00fcr die Vertragserf\u00fcllung nicht relevant bzw. gesetzlich und\/oder regulatorisch nicht erforderlich sind, eine Einwilligung zur Datenverarbeitung zu erteilen.<\/p>\n<h3>Automatisierte Entscheidungsfindungen einschlie\u00dflich Profiling<\/h3>\n<p>Wir nutzen keine automatisierten Entscheidungsfindungen nach Art 22 DSGVO zur Herbeif\u00fchrung einer Entscheidung \u00fcber die Begr\u00fcndung bzw. zur oder w\u00e4hrend der Durchf\u00fchrung der Gesch\u00e4ftsbeziehung.[\/vc_column_text][\/vc_column][\/vc_row]<\/p>\n","protected":false},"excerpt":{"rendered":"<p>[vc_row][vc_column][vc_column_text] Datenschutzgrundverordnung (DSGVO) Information zur Datenverarbeitung nach Art. 13 und 14 Wir informieren Sie hiermit \u00fcber die Verarbeitung Ihrer personenbezogenen Daten und die Ihnen zustehenden datenschutzrechtlichen Anspr\u00fcche und Rechte. Der Inhalt und Umfang der Datenverarbeitung richtet sich ma\u00dfgeblich nach den jeweils von Ihnen beantragten bzw. mit Ihnen vereinbarten Produkten und Dienstleistungen. Verantwortlich f\u00fcr die Datenverarbeitung [&hellip;]<\/p>\n","protected":false},"author":1,"featured_media":0,"parent":0,"menu_order":0,"comment_status":"closed","ping_status":"closed","template":"","meta":{"footnotes":""},"class_list":["post-186","page","type-page","status-publish","hentry"],"_links":{"self":[{"href":"https:\/\/www.ih-personalentwicklung.at\/index.php\/wp-json\/wp\/v2\/pages\/186","targetHints":{"allow":["GET"]}}],"collection":[{"href":"https:\/\/www.ih-personalentwicklung.at\/index.php\/wp-json\/wp\/v2\/pages"}],"about":[{"href":"https:\/\/www.ih-personalentwicklung.at\/index.php\/wp-json\/wp\/v2\/types\/page"}],"author":[{"embeddable":true,"href":"https:\/\/www.ih-personalentwicklung.at\/index.php\/wp-json\/wp\/v2\/users\/1"}],"replies":[{"embeddable":true,"href":"https:\/\/www.ih-personalentwicklung.at\/index.php\/wp-json\/wp\/v2\/comments?post=186"}],"version-history":[{"count":2,"href":"https:\/\/www.ih-personalentwicklung.at\/index.php\/wp-json\/wp\/v2\/pages\/186\/revisions"}],"predecessor-version":[{"id":188,"href":"https:\/\/www.ih-personalentwicklung.at\/index.php\/wp-json\/wp\/v2\/pages\/186\/revisions\/188"}],"wp:attachment":[{"href":"https:\/\/www.ih-personalentwicklung.at\/index.php\/wp-json\/wp\/v2\/media?parent=186"}],"curies":[{"name":"wp","href":"https:\/\/api.w.org\/{rel}","templated":true}]}}